{"id":8917,"date":"2024-11-07T10:23:49","date_gmt":"2024-11-07T13:23:49","guid":{"rendered":"https:\/\/www.apampesp.org\/aps\/?page_id=8917"},"modified":"2024-11-07T11:06:18","modified_gmt":"2024-11-07T14:06:18","slug":"reserva-casa-do-professor","status":"publish","type":"page","link":"https:\/\/www.apampesp.org\/aps\/reserva-casa-do-professor\/","title":{"rendered":"Reserva Casa do Professor"},"content":{"rendered":"\n<p>Estamos empolgados com o seu interesse em aproveitar momentos de descanso e lazer em nossa <strong>Casa do Professor da APAMPESP!<\/strong> Para facilitar sua experi\u00eancia e garantir que tenhamos todas as informa\u00e7\u00f5es necess\u00e1rias para sua estadia, pedimos que preencha este formul\u00e1rio de pr\u00e9-reserva.<\/p>\n\n\n\n<p>Ap\u00f3s o envio, nossa equipe entrar\u00e1 em contato para confirmar a disponibilidade e finalizar a reserva, conforme suas prefer\u00eancias.<\/p>\n\n\n\n<div class=\"wpcf7 no-js\" id=\"wpcf7-f8916-o1\" lang=\"pt-BR\" dir=\"ltr\" data-wpcf7-id=\"8916\">\n<div class=\"screen-reader-response\"><p role=\"status\" aria-live=\"polite\" aria-atomic=\"true\"><\/p> <ul><\/ul><\/div>\n<form action=\"\/aps\/wp-json\/wp\/v2\/pages\/8917#wpcf7-f8916-o1\" method=\"post\" class=\"wpcf7-form init\" aria-label=\"Formul\u00e1rios de contato\" novalidate=\"novalidate\" data-status=\"init\">\n<fieldset class=\"hidden-fields-container\"><input type=\"hidden\" name=\"_wpcf7\" value=\"8916\" \/><input type=\"hidden\" name=\"_wpcf7_version\" value=\"6.1.5\" \/><input type=\"hidden\" name=\"_wpcf7_locale\" value=\"pt_BR\" \/><input type=\"hidden\" name=\"_wpcf7_unit_tag\" value=\"wpcf7-f8916-o1\" \/><input type=\"hidden\" name=\"_wpcf7_container_post\" value=\"0\" \/><input type=\"hidden\" name=\"_wpcf7_posted_data_hash\" value=\"\" \/><input type=\"hidden\" name=\"redirect_nonce\" value=\"1f0f95f100\" \/><input type=\"hidden\" name=\"wpcf7cfpdf_hidden_name\" value=\"document-pdf\" \/><input type=\"hidden\" name=\"wpcf7cfpdf_hidden_reference\" value=\"3d70dd7b\" \/><input type=\"hidden\" name=\"wpcf7cfpdf_hidden_date\" value=\"04232026\" \/><input type=\"hidden\" name=\"_wpcf7_recaptcha_response\" value=\"\" \/>\n<\/fieldset>\n<div id=\"responsive-form\" class=\"clearfix form-page\">\n\t<div class=\"row\">\n\t\t<div class=\"col-md-12 form-group\">\n\t\t\t<p><label for=\"member-name\">Nome*<\/label><br \/>\n<span class=\"wpcf7-form-control-wrap\" data-name=\"member-name\"><input size=\"40\" maxlength=\"400\" class=\"wpcf7-form-control wpcf7-text wpcf7-validates-as-required form-control\" id=\"member-name\" aria-required=\"true\" aria-invalid=\"false\" value=\"\" type=\"text\" name=\"member-name\" \/><\/span>\n\t\t\t<\/p>\n\t\t<\/div>\n\t<\/div>\n\t<div class=\"row\">\n\t\t<div class=\"col-md-4 form-group\">\n\t\t\t<p><label for=\"phone-celular\">Celular<\/label><br \/>\n<span class=\"wpcf7-form-control-wrap\" data-name=\"phone-celular\"><input size=\"40\" maxlength=\"15\" class=\"wpcf7-form-control wpcf7-text form-control phone telefone\" id=\"phone-celular\" aria-invalid=\"false\" value=\"\" type=\"text\" name=\"phone-celular\" \/><\/span>\n\t\t\t<\/p>\n\t\t<\/div>\n\t\t<div class=\"col-md-4 form-group\">\n\t\t\t<p><label for=\"phone-recado\">Fone Recado<\/label><br \/>\n<span class=\"wpcf7-form-control-wrap\" data-name=\"phone-recado\"><input size=\"40\" maxlength=\"15\" class=\"wpcf7-form-control wpcf7-text form-control phone telefone\" id=\"phone-recado\" aria-invalid=\"false\" value=\"\" type=\"text\" name=\"phone-recado\" \/><\/span>\n\t\t\t<\/p>\n\t\t<\/div>\n\t\t<div class=\"col-md-4 form-group\">\n\t\t\t<p><label for=\"phone-number\">Fone<\/label><br \/>\n<span class=\"wpcf7-form-control-wrap\" data-name=\"phone-number\"><input size=\"40\" maxlength=\"15\" class=\"wpcf7-form-control wpcf7-text form-control phone telefone\" id=\"phone-number\" aria-invalid=\"false\" value=\"\" type=\"text\" name=\"phone-number\" \/><\/span>\n\t\t\t<\/p>\n\t\t<\/div>\n\t<\/div>\n\t<div class=\"row\">\n\t\t<div class=\"col-md-12 form-group\">\n\t\t\t<p><label for=\"member-email\">E-mail<\/label><br \/>\n<span class=\"wpcf7-form-control-wrap\" data-name=\"member-email\"><input size=\"40\" maxlength=\"400\" class=\"wpcf7-form-control wpcf7-email wpcf7-text wpcf7-validates-as-email form-control\" id=\"member-email\" aria-invalid=\"false\" value=\"\" type=\"email\" name=\"member-email\" \/><\/span>\n\t\t\t<\/p>\n\t\t<\/div>\n\t<\/div>\n\t<div class=\"row\">\n\t\t<div class=\"col-md-6 form-group\">\n\t\t\t<p><label for=\"date-aposenta\">Data de Entrada<\/label><br \/>\n<span class=\"wpcf7-form-control-wrap\" data-name=\"date-check-in\"><input size=\"40\" maxlength=\"400\" class=\"wpcf7-form-control wpcf7-text date form-control\" id=\"date-check-in\" aria-invalid=\"false\" value=\"\" type=\"text\" name=\"date-check-in\" \/><\/span>\n\t\t\t<\/p>\n\t\t<\/div>\n\t\t<div class=\"col-md-6 form-group\">\n\t\t\t<p><label for=\"date-aposenta\">Data de Sa\u00edda<\/label><br \/>\n<span class=\"wpcf7-form-control-wrap\" data-name=\"date-check-out\"><input size=\"40\" maxlength=\"400\" class=\"wpcf7-form-control wpcf7-text date form-control\" id=\"date-check-out\" aria-invalid=\"false\" value=\"\" type=\"text\" name=\"date-check-out\" \/><\/span>\n\t\t\t<\/p>\n\t\t<\/div>\n\t<\/div>\n\t<div class=\"row\">\n\t\t<div class=\"col-md-12 text-center\">\n\t\t\t<p><input class=\"wpcf7-form-control wpcf7-submit has-spinner button-solid\" type=\"submit\" value=\"Enviar\" \/>\n\t\t\t<\/p>\n\t\t<\/div>\n\t<\/div>\n<\/div><input type='hidden' class='wpcf7-pum' value='{\"closepopup\":false,\"closedelay\":0,\"openpopup\":false,\"openpopup_id\":0}' \/><div class=\"wpcf7-response-output\" aria-hidden=\"true\"><\/div>\n<\/form>\n<\/div>\n\n\n\n<p><\/p>\n","protected":false},"excerpt":{"rendered":"<p>Estamos empolgados com o seu interesse em aproveitar momentos de descanso e lazer em nossa Casa do Professor da APAMPESP! Para facilitar sua experi&ecirc;ncia e garantir que tenhamos todas as informa&ccedil;&otilde;es necess&aacute;rias para sua estadia, pedimos que preencha este formul&aacute;rio de pr&eacute;-reserva. Ap&oacute;s o envio, nossa equipe entrar&aacute; em contato para confirmar a disponibilidade e finalizar a reserva, conforme suas prefer&ecirc;ncias.<\/p>\n","protected":false},"author":1,"featured_media":0,"parent":0,"menu_order":0,"comment_status":"closed","ping_status":"closed","template":"","meta":{"jetpack_post_was_ever_published":false,"footnotes":""},"class_list":["post-8917","page","type-page","status-publish","hentry"],"jetpack_sharing_enabled":true,"jetpack_shortlink":"https:\/\/wp.me\/P9WoMM-2jP","_links":{"self":[{"href":"https:\/\/www.apampesp.org\/aps\/wp-json\/wp\/v2\/pages\/8917","targetHints":{"allow":["GET"]}}],"collection":[{"href":"https:\/\/www.apampesp.org\/aps\/wp-json\/wp\/v2\/pages"}],"about":[{"href":"https:\/\/www.apampesp.org\/aps\/wp-json\/wp\/v2\/types\/page"}],"author":[{"embeddable":true,"href":"https:\/\/www.apampesp.org\/aps\/wp-json\/wp\/v2\/users\/1"}],"replies":[{"embeddable":true,"href":"https:\/\/www.apampesp.org\/aps\/wp-json\/wp\/v2\/comments?post=8917"}],"version-history":[{"count":5,"href":"https:\/\/www.apampesp.org\/aps\/wp-json\/wp\/v2\/pages\/8917\/revisions"}],"predecessor-version":[{"id":8924,"href":"https:\/\/www.apampesp.org\/aps\/wp-json\/wp\/v2\/pages\/8917\/revisions\/8924"}],"wp:attachment":[{"href":"https:\/\/www.apampesp.org\/aps\/wp-json\/wp\/v2\/media?parent=8917"}],"curies":[{"name":"wp","href":"https:\/\/api.w.org\/{rel}","templated":true}]}}