{"id":7708,"date":"2024-02-15T15:12:32","date_gmt":"2024-02-15T18:12:32","guid":{"rendered":"https:\/\/www.apampesp.org\/aps\/?page_id=7708"},"modified":"2024-12-06T23:01:47","modified_gmt":"2024-12-07T02:01:47","slug":"sao-jose-do-rio-preto","status":"publish","type":"page","link":"https:\/\/www.apampesp.org\/aps\/sao-jose-do-rio-preto\/","title":{"rendered":"S\u00e3o Jos\u00e9 do Rio Preto"},"content":{"rendered":"\n<p>O ent\u00e3o Escrit\u00f3rio Regional foi desmembrado da Sede Regional de Fernand\u00f3polis em 12 de abril de 2002, ocasi\u00e3o em que foi eleita a sua primeira diretoria provis\u00f3ria e instalado em 2 de outubro do mesmo ano, na sala 603 do Edif\u00edcio Rui Barbosa, na \u00e1rea central da cidade.<\/p>\n\n\n\n<p>Em sua hist\u00f3ria, a Sede Regional de S\u00e3o Jos\u00e9 de Rio Preto j\u00e1 teve como dirigentes as professoras Margarete Monteiro Bartholo Brizoti e Clarice Aparecida Caparroz Borges.<\/p>\n\n\n\n<p>A atual diretoria est\u00e1 composta pelas professoras Elisabel Pinoti Suzano Pascon, como dirigente regional; Solange M\u00e1rcia Pastorelli Pedraza, como vice-dirigente; e Maria Gorete Pri\u00f3lli Daniel, como tesoureira.<\/p>\n\n\n\n<p>A sede abrange 33 munic\u00edpios, al\u00e9m da cidade-sede, s\u00e3o elas: Adolfo, Bady Bassit, B\u00e1lsamo, Cajobi, Catanduva, Cedral, Fernando Prestes, Guapia\u00e7u, Ibir\u00e1, Jaci, Jos\u00e9 Bonif\u00e1cio, Macaubal, Mendon\u00e7a, Mirassol, Monte Apraz\u00edvel, Neves Paulista, Nova Alian\u00e7a, Nova Granada, Nova Itapirema, Novo Horizonte, Ol\u00edmpia, Palestina, Planalto, Poloni, Potirendaba, Santa Ad\u00e9lia, Severina, Tanabi, Tabapu\u00e3, Ubarana, Uchoa e Urup\u00eas.<\/p>\n","protected":false},"excerpt":{"rendered":"<p>O ent&atilde;o Escrit&oacute;rio Regional foi desmembrado da Sede Regional de Fernand&oacute;polis em 12 de abril de 2002, ocasi&atilde;o em que foi eleita a sua primeira diretoria provis&oacute;ria e instalado em 2 de outubro do mesmo ano, na sala 603 do Edif&iacute;cio Rui Barbosa, na &aacute;rea central da cidade. Em sua hist&oacute;ria, a Sede Regional de S&atilde;o Jos&eacute; de Rio Preto j&aacute; teve como dirigentes as professoras Margarete Monteiro Bartholo Brizoti e Clarice Aparecida Caparroz Borges. A atual diretoria est&aacute; composta pelas professoras Elisabel Pinoti Suzano Pascon, como dirigente regional; Solange [&hellip;]<\/p>\n","protected":false},"author":1,"featured_media":0,"parent":0,"menu_order":0,"comment_status":"closed","ping_status":"closed","template":"","meta":{"jetpack_post_was_ever_published":false,"footnotes":""},"class_list":["post-7708","page","type-page","status-publish","hentry"],"jetpack_sharing_enabled":true,"jetpack_shortlink":"https:\/\/wp.me\/P9WoMM-20k","_links":{"self":[{"href":"https:\/\/www.apampesp.org\/aps\/wp-json\/wp\/v2\/pages\/7708","targetHints":{"allow":["GET"]}}],"collection":[{"href":"https:\/\/www.apampesp.org\/aps\/wp-json\/wp\/v2\/pages"}],"about":[{"href":"https:\/\/www.apampesp.org\/aps\/wp-json\/wp\/v2\/types\/page"}],"author":[{"embeddable":true,"href":"https:\/\/www.apampesp.org\/aps\/wp-json\/wp\/v2\/users\/1"}],"replies":[{"embeddable":true,"href":"https:\/\/www.apampesp.org\/aps\/wp-json\/wp\/v2\/comments?post=7708"}],"version-history":[{"count":2,"href":"https:\/\/www.apampesp.org\/aps\/wp-json\/wp\/v2\/pages\/7708\/revisions"}],"predecessor-version":[{"id":9414,"href":"https:\/\/www.apampesp.org\/aps\/wp-json\/wp\/v2\/pages\/7708\/revisions\/9414"}],"wp:attachment":[{"href":"https:\/\/www.apampesp.org\/aps\/wp-json\/wp\/v2\/media?parent=7708"}],"curies":[{"name":"wp","href":"https:\/\/api.w.org\/{rel}","templated":true}]}}