{"id":7706,"date":"2024-02-15T15:11:46","date_gmt":"2024-02-15T18:11:46","guid":{"rendered":"https:\/\/www.apampesp.org\/aps\/?page_id=7706"},"modified":"2024-12-06T22:55:09","modified_gmt":"2024-12-07T01:55:09","slug":"sao-jose-do-rio-pardo","status":"publish","type":"page","link":"https:\/\/www.apampesp.org\/aps\/sao-jose-do-rio-pardo\/","title":{"rendered":"S\u00e3o Jos\u00e9 do Rio Pardo"},"content":{"rendered":"\n<p>A instala\u00e7\u00e3o de sede regional da Apampesp em S\u00e3o Jos\u00e9 do Rio Pardo, ocorreu em 10 de junho de 1995, contando com associados da pr\u00f3pria cidade e de outras da regi\u00e3o, tais como Mococa, Vargem Grande do Sul, Itobi, Tapiratiba e S\u00e3o Sebasti\u00e3o da Grama. Sua primeira Diretora foi a Professora Nair Duarte Gon\u00e7alves Raddi.<\/p>\n\n\n\n<p>Em 27 de dezembro de 2002, a Regional de S\u00e3o Jos\u00e9 do Rio Pardo passou a funcionar em sede pr\u00f3pria. At\u00e9 2017, foi dirigida pela professora Clara Alves Zenaro Garcia. Atualmente atende \u00e0s seguintes cidades da regi\u00e3o: Agua\u00ed, Caconde, Casa Branca, Divinol\u00e2ndia, Itobi, Mococa, Tamba\u00fa,<\/p>\n\n\n\n<p>Tapiratiba, Santo Ant\u00f4nio do Jardim, S\u00e3o Sebasti\u00e3o da Grama, S\u00e3o Jos\u00e9 do Rio Pardo, Vargem Grande do Sul.<\/p>\n\n\n\n<p>A atual diretoria est\u00e1 composta pelas professoras S\u00f4nia Em\u00edlia Amato Angelini, como dirigente regional; Antonieta Jaci Machado Ribeiro, como vice-dirigente; Elsa Perussi Mariano Rodrigues, como secret\u00e1ria; e Regina Nazar\u00e9 Minussi, como tesoureira.<\/p>\n\n\n\n<p>Durante a atual gest\u00e3o, houve a organiza\u00e7\u00e3o de palestras de interesse dos professores e demais pessoas da comunidade (orienta\u00e7\u00e3o geri\u00e1trica, psicol\u00f3gica, assuntos culturais, contando com a colabora\u00e7\u00e3o de m\u00e9dico geriatra, psic\u00f3logos, padre, escritores riopardenses).<\/p>\n","protected":false},"excerpt":{"rendered":"<p>A instala&ccedil;&atilde;o de sede regional da Apampesp em S&atilde;o Jos&eacute; do Rio Pardo, ocorreu em 10 de junho de 1995, contando com associados da pr&oacute;pria cidade e de outras da regi&atilde;o, tais como Mococa, Vargem Grande do Sul, Itobi, Tapiratiba e S&atilde;o Sebasti&atilde;o da Grama. Sua primeira Diretora foi a Professora Nair Duarte Gon&ccedil;alves Raddi. Em 27 de dezembro de 2002, a Regional de S&atilde;o Jos&eacute; do Rio Pardo passou a funcionar em sede pr&oacute;pria. At&eacute; 2017, foi dirigida pela professora Clara Alves Zenaro Garcia. Atualmente atende &agrave;s seguintes cidades [&hellip;]<\/p>\n","protected":false},"author":1,"featured_media":0,"parent":0,"menu_order":0,"comment_status":"closed","ping_status":"closed","template":"","meta":{"jetpack_post_was_ever_published":false,"footnotes":""},"class_list":["post-7706","page","type-page","status-publish","hentry"],"jetpack_sharing_enabled":true,"jetpack_shortlink":"https:\/\/wp.me\/P9WoMM-20i","_links":{"self":[{"href":"https:\/\/www.apampesp.org\/aps\/wp-json\/wp\/v2\/pages\/7706","targetHints":{"allow":["GET"]}}],"collection":[{"href":"https:\/\/www.apampesp.org\/aps\/wp-json\/wp\/v2\/pages"}],"about":[{"href":"https:\/\/www.apampesp.org\/aps\/wp-json\/wp\/v2\/types\/page"}],"author":[{"embeddable":true,"href":"https:\/\/www.apampesp.org\/aps\/wp-json\/wp\/v2\/users\/1"}],"replies":[{"embeddable":true,"href":"https:\/\/www.apampesp.org\/aps\/wp-json\/wp\/v2\/comments?post=7706"}],"version-history":[{"count":2,"href":"https:\/\/www.apampesp.org\/aps\/wp-json\/wp\/v2\/pages\/7706\/revisions"}],"predecessor-version":[{"id":9413,"href":"https:\/\/www.apampesp.org\/aps\/wp-json\/wp\/v2\/pages\/7706\/revisions\/9413"}],"wp:attachment":[{"href":"https:\/\/www.apampesp.org\/aps\/wp-json\/wp\/v2\/media?parent=7706"}],"curies":[{"name":"wp","href":"https:\/\/api.w.org\/{rel}","templated":true}]}}