{"id":7702,"date":"2024-02-15T15:09:53","date_gmt":"2024-02-15T18:09:53","guid":{"rendered":"https:\/\/www.apampesp.org\/aps\/?page_id=7702"},"modified":"2024-12-06T22:35:39","modified_gmt":"2024-12-07T01:35:39","slug":"presidente-prudente","status":"publish","type":"page","link":"https:\/\/www.apampesp.org\/aps\/presidente-prudente\/","title":{"rendered":"Presidente Prudente"},"content":{"rendered":"\n<p>A Regional de Presidente Prudente foi instalada oficialmente em 15 de julho de 1996, em reuni\u00e3o presidida pela professora Darcy B\u00f4scoli, com a presen\u00e7a do deputado estadual Mauro Bragato e da ent\u00e3o presidente da Apampesp, professora Zilda Halben Guerra. Desde o in\u00edcio, destacou-se pelo trabalho pioneiro de mobiliza\u00e7\u00e3o dos professores aposentados na regi\u00e3o, liderado por um grupo de professoras comprometidas com a defesa da categoria. Na reuni\u00e3o de inaugura\u00e7\u00e3o, foi aclamado como primeiro Diretor Regional o professor Reinaldo Louren\u00e7o Siqueira.<\/p>\n\n\n\n<p>O im\u00f3vel pr\u00f3prio da Sede Regional foi inaugurado em 5 de dezembro de 2003 e localiza-se na Rua Tenente Nicolau Maffei, 1030, Centro, em Presidente Prudente. No dia 5 de agosto de 2022, a Apampesp escreveu mais um cap\u00edtulo importante em sua hist\u00f3ria com a inaugura\u00e7\u00e3o da nova Sede Regional de Presidente Prudente. Em uma iniciativa da Diretoria Executiva da Entidade, presidida pela professora Walneide Romano, a nova Sede \u00e9 parte do compromisso da gest\u00e3o Unir, Renovar &amp; Crescer em preservar o patrim\u00f4nio da Associa\u00e7\u00e3o e oferecer uma melhor estrutura de atendimento aos associados.<\/p>\n\n\n\n<p>Atualmente abrange, al\u00e9m de Prudente, outros 24 munic\u00edpios envolvendo grande extens\u00e3o territorial, desde Rancharia at\u00e9 Presidente Epit\u00e1cio, chegando ao Pontal do Paranapanema. De 2003 a 2022, teve como dirigente regional a professora Marinez Vian Bisacchi. Em 1\u00ba de janeiro de 2023, tomou posse a atual diretoria, composta da seguinte forma: Na\u00edde Videira Braga, como dirigente regional; Railda Barreto, como vice-dirigente; Maria Catarina Donzelli Pereira, como secret\u00e1ria; e Francisca de Freitas Oliveira, como tesoureira.<\/p>\n","protected":false},"excerpt":{"rendered":"<p>A Regional de Presidente Prudente foi instalada oficialmente em 15 de julho de 1996, em reuni&atilde;o presidida pela professora Darcy B&ocirc;scoli, com a presen&ccedil;a do deputado estadual Mauro Bragato e da ent&atilde;o presidente da Apampesp, professora Zilda Halben Guerra. Desde o in&iacute;cio, destacou-se pelo trabalho pioneiro de mobiliza&ccedil;&atilde;o dos professores aposentados na regi&atilde;o, liderado por um grupo de professoras comprometidas com a defesa da categoria. Na reuni&atilde;o de inaugura&ccedil;&atilde;o, foi aclamado como primeiro Diretor Regional o professor Reinaldo Louren&ccedil;o Siqueira. O im&oacute;vel pr&oacute;prio da Sede Regional foi inaugurado em 5 [&hellip;]<\/p>\n","protected":false},"author":1,"featured_media":0,"parent":0,"menu_order":0,"comment_status":"closed","ping_status":"closed","template":"","meta":{"jetpack_post_was_ever_published":false,"footnotes":""},"class_list":["post-7702","page","type-page","status-publish","hentry"],"jetpack_sharing_enabled":true,"jetpack_shortlink":"https:\/\/wp.me\/P9WoMM-20e","_links":{"self":[{"href":"https:\/\/www.apampesp.org\/aps\/wp-json\/wp\/v2\/pages\/7702","targetHints":{"allow":["GET"]}}],"collection":[{"href":"https:\/\/www.apampesp.org\/aps\/wp-json\/wp\/v2\/pages"}],"about":[{"href":"https:\/\/www.apampesp.org\/aps\/wp-json\/wp\/v2\/types\/page"}],"author":[{"embeddable":true,"href":"https:\/\/www.apampesp.org\/aps\/wp-json\/wp\/v2\/users\/1"}],"replies":[{"embeddable":true,"href":"https:\/\/www.apampesp.org\/aps\/wp-json\/wp\/v2\/comments?post=7702"}],"version-history":[{"count":2,"href":"https:\/\/www.apampesp.org\/aps\/wp-json\/wp\/v2\/pages\/7702\/revisions"}],"predecessor-version":[{"id":9409,"href":"https:\/\/www.apampesp.org\/aps\/wp-json\/wp\/v2\/pages\/7702\/revisions\/9409"}],"wp:attachment":[{"href":"https:\/\/www.apampesp.org\/aps\/wp-json\/wp\/v2\/media?parent=7702"}],"curies":[{"name":"wp","href":"https:\/\/api.w.org\/{rel}","templated":true}]}}