{"id":7687,"date":"2024-02-15T15:01:55","date_gmt":"2024-02-15T18:01:55","guid":{"rendered":"https:\/\/www.apampesp.org\/aps\/?page_id=7687"},"modified":"2024-12-06T22:05:27","modified_gmt":"2024-12-07T01:05:27","slug":"assis","status":"publish","type":"page","link":"https:\/\/www.apampesp.org\/aps\/assis\/","title":{"rendered":"Assis"},"content":{"rendered":"\n<p>A semente da Apampesp em Assis brotou no final de 1996, gra\u00e7as \u00e0 dedica\u00e7\u00e3o e ao empenho do Professor Carlos Roberto Loureiro de Mello e de sua esposa Iracema Galv\u00e3o de Mello, que n\u00e3o mediram esfor\u00e7os para angariar s\u00f3cios no munic\u00edpio e nas cidades vizinhas, tais como C\u00e2ndido Mota, Palmital, Paragua\u00e7u Paulista, Quat\u00e1, Ourinhos e regi\u00e3o.<\/p>\n\n\n\n<p>Em maio de 1997, eis que toma posse a primeira diretoria de Assis, sob o comando da professora Cleny de Lourdes Sant\u2019Ana Dias, que exerceu o posto de dirigente regional at\u00e9 o ano de 2022. Em janeiro de 2023, tomou posse como dirigente o professor Jos\u00e9 Alves. Em 1\u00ba de fevereiro de 2024, com seu afastamento por motivos de sa\u00fade, foi composta a nova Diretoria, cuja composi\u00e7\u00e3o atual \u00e9 a seguinte: Sigmar Alves Barbosa, dirigente em exerc\u00edcio; Maria Augusta da Silva Ribeiro, como secret\u00e1ria; e Sonia Maria Ferrarezi Carricondo, como tesoureira.<\/p>\n\n\n\n<p>A Sede regional situa-se no Edif\u00edcio Alvorada, na Avenida Armando Salles de Oliveira n\u00ba 40 \u2013 conj. 12, 1\u00ba andar. Al\u00e9m das que j\u00e1 foram citadas anteriormente, a Regional abrange as cidades de Ibirarema, Salto Grande, Chavantes, Ipaussu, Santa Cruz do Rio Pardo, S\u00e3o Pedro do Turvo, Bernardino de Campos, Manduri, Arar\u00e9, Ita\u00ed, Pedrinhas Paulista, Flor\u00ednea, Tarum\u00e3, \u00d3leo, Canitar, Campos Novos Paulista, Cerqueira C\u00e9sar, Cerquilho, Cruz\u00e1lia, Jo\u00e3o Ramalho, Maraca\u00ed, Platina, Timburi, Tejup\u00e1 e Piraju.<\/p>\n","protected":false},"excerpt":{"rendered":"<p>A semente da Apampesp em Assis brotou no final de 1996, gra&ccedil;as &agrave; dedica&ccedil;&atilde;o e ao empenho do Professor Carlos Roberto Loureiro de Mello e de sua esposa Iracema Galv&atilde;o de Mello, que n&atilde;o mediram esfor&ccedil;os para angariar s&oacute;cios no munic&iacute;pio e nas cidades vizinhas, tais como C&acirc;ndido Mota, Palmital, Paragua&ccedil;u Paulista, Quat&aacute;, Ourinhos e regi&atilde;o. Em maio de 1997, eis que toma posse a primeira diretoria de Assis, sob o comando da professora Cleny de Lourdes Sant&rsquo;Ana Dias, que exerceu o posto de dirigente regional at&eacute; o ano de [&hellip;]<\/p>\n","protected":false},"author":1,"featured_media":0,"parent":0,"menu_order":0,"comment_status":"closed","ping_status":"closed","template":"","meta":{"jetpack_post_was_ever_published":false,"footnotes":""},"class_list":["post-7687","page","type-page","status-publish","hentry"],"jetpack_sharing_enabled":true,"jetpack_shortlink":"https:\/\/wp.me\/P9WoMM-1ZZ","_links":{"self":[{"href":"https:\/\/www.apampesp.org\/aps\/wp-json\/wp\/v2\/pages\/7687","targetHints":{"allow":["GET"]}}],"collection":[{"href":"https:\/\/www.apampesp.org\/aps\/wp-json\/wp\/v2\/pages"}],"about":[{"href":"https:\/\/www.apampesp.org\/aps\/wp-json\/wp\/v2\/types\/page"}],"author":[{"embeddable":true,"href":"https:\/\/www.apampesp.org\/aps\/wp-json\/wp\/v2\/users\/1"}],"replies":[{"embeddable":true,"href":"https:\/\/www.apampesp.org\/aps\/wp-json\/wp\/v2\/comments?post=7687"}],"version-history":[{"count":4,"href":"https:\/\/www.apampesp.org\/aps\/wp-json\/wp\/v2\/pages\/7687\/revisions"}],"predecessor-version":[{"id":9406,"href":"https:\/\/www.apampesp.org\/aps\/wp-json\/wp\/v2\/pages\/7687\/revisions\/9406"}],"wp:attachment":[{"href":"https:\/\/www.apampesp.org\/aps\/wp-json\/wp\/v2\/media?parent=7687"}],"curies":[{"name":"wp","href":"https:\/\/api.w.org\/{rel}","templated":true}]}}