{"id":7660,"date":"2024-02-15T13:41:08","date_gmt":"2024-02-15T16:41:08","guid":{"rendered":"https:\/\/www.apampesp.org\/aps\/?page_id=7660"},"modified":"2024-06-29T14:36:09","modified_gmt":"2024-06-29T17:36:09","slug":"associe-se","status":"publish","type":"page","link":"https:\/\/www.apampesp.org\/aps\/associe-se\/","title":{"rendered":"Associe-se"},"content":{"rendered":"\n<p><strong>Utilize o formul\u00e1rio abaixo para formalizar sua inten\u00e7\u00e3o em integrar o quadro de associados da APAMPESP.<\/strong> <\/p>\n\n\n\n<p>Ap\u00f3s o preenchimento, clique em ENVIAR. Ser\u00e1 gerado uma ficha em PDF. Caso deseje, efetue o download desta ficha. Ap\u00f3s o recebimento do PDF, um de nosso colaboradores do Departamento Associativo entrar\u00e1 em contato. <\/p>\n\n\n\n<p class=\"color-tertiary\"><strong>Os campos marcados com * s\u00e3o de preenchimento obrigat\u00f3rio.<\/strong><\/p>\n","protected":false},"excerpt":{"rendered":"<p>Utilize o formul&aacute;rio abaixo para formalizar sua inten&ccedil;&atilde;o em integrar o quadro de associados da APAMPESP. Ap&oacute;s o preenchimento, clique em ENVIAR. Ser&aacute; gerado uma ficha em PDF. Caso deseje, efetue o download desta ficha. Ap&oacute;s o recebimento do PDF, um de nosso colaboradores do Departamento Associativo entrar&aacute; em contato. Os campos marcados com * s&atilde;o de preenchimento obrigat&oacute;rio.<\/p>\n","protected":false},"author":1,"featured_media":0,"parent":0,"menu_order":0,"comment_status":"closed","ping_status":"closed","template":"","meta":{"jetpack_post_was_ever_published":true,"footnotes":""},"class_list":["post-7660","page","type-page","status-publish","hentry"],"jetpack_sharing_enabled":true,"jetpack_shortlink":"https:\/\/wp.me\/P9WoMM-1Zy","_links":{"self":[{"href":"https:\/\/www.apampesp.org\/aps\/wp-json\/wp\/v2\/pages\/7660","targetHints":{"allow":["GET"]}}],"collection":[{"href":"https:\/\/www.apampesp.org\/aps\/wp-json\/wp\/v2\/pages"}],"about":[{"href":"https:\/\/www.apampesp.org\/aps\/wp-json\/wp\/v2\/types\/page"}],"author":[{"embeddable":true,"href":"https:\/\/www.apampesp.org\/aps\/wp-json\/wp\/v2\/users\/1"}],"replies":[{"embeddable":true,"href":"https:\/\/www.apampesp.org\/aps\/wp-json\/wp\/v2\/comments?post=7660"}],"version-history":[{"count":6,"href":"https:\/\/www.apampesp.org\/aps\/wp-json\/wp\/v2\/pages\/7660\/revisions"}],"predecessor-version":[{"id":8056,"href":"https:\/\/www.apampesp.org\/aps\/wp-json\/wp\/v2\/pages\/7660\/revisions\/8056"}],"wp:attachment":[{"href":"https:\/\/www.apampesp.org\/aps\/wp-json\/wp\/v2\/media?parent=7660"}],"curies":[{"name":"wp","href":"https:\/\/api.w.org\/{rel}","templated":true}]}}