{"id":473,"date":"2018-05-24T01:07:35","date_gmt":"2018-05-24T01:07:35","guid":{"rendered":"http:\/\/www.apampesp.org\/aps\/?page_id=473"},"modified":"2018-07-12T19:27:31","modified_gmt":"2018-07-12T19:27:31","slug":"politica-de-privacidade","status":"publish","type":"page","link":"https:\/\/www.apampesp.org\/aps\/politica-de-privacidade\/","title":{"rendered":"Pol\u00edtica de Privacidade"},"content":{"rendered":"<h2>Pol\u00edtica de privacidade para <a href=\"http:\/\/www.apampesp.org\">APAMPESP &#8211; Associa\u00e7\u00e3o de Professores Aposentados do Magist\u00e9rio Publico do Estado de S\u00e3o Paulo<\/a><\/h2>\n<p>Todas as suas informa\u00e7\u00f5es pessoais recolhidas ser\u00e3o usadas para ajudar a tornar sua visita em nosso site mais produtiva e agrad\u00e1vel.<\/p>\n<p>A garantia da confidencialidade dos dados pessoais dos utilizadores do nosso site \u00e9 importante para a APAMPESP &#8211; Associa\u00e7\u00e3o de Professores Aposentados do Magist\u00e9rio Publico do Estado de S\u00e3o Paulo.<\/p>\n<p>Todas as informa\u00e7\u00f5es pessoais relativas a membros, assinantes, clientes ou visitantes que acessarem o site da APAMPESP &#8211; Associa\u00e7\u00e3o de Professores Aposentados do Magist\u00e9rio P\u00fablico do Estado de S\u00e3o Paulo ser\u00e3o tratadas em concord\u00e2ncia com a Lei da Prote\u00e7\u00e3o de Dados Pessoais de 26 de outubro de 1998 (Lei n.\u00ba 67\/98).<\/p>\n<p>A informa\u00e7\u00e3o pessoal recolhida pode incluir o seu nome, e-mail, n\u00famero de telefone e\/ou telem\u00f3vel, resid\u00eancia, data de nascimento e\/ou outros.<\/p>\n<p>O uso do site da APAMPESP &#8211; Associa\u00e7\u00e3o de Professores Aposentados do Magist\u00e9rio P\u00fablico do Estado de S\u00e3o Paulo pressup\u00f5e a aceita\u00e7\u00e3o deste Acordo de Privacidade. A equipe do site APAMPESP &#8211; Associa\u00e7\u00e3o de Professores Aposentados do Magist\u00e9rio P\u00fablico do Estado de S\u00e3o Paulo reserva-se o direito de alterar este acordo sem aviso pr\u00e9vio. Deste modo, recomendamos que consulte a nossa pol\u00edtica de privacidade com regularidade de forma a estar sempre atualizado.<\/p>\n<h2>Os an\u00fancios<\/h2>\n<p>Tal como outros websites, coletamos e utilizamos informa\u00e7\u00e3o contida nos an\u00fancios. A informa\u00e7\u00e3o contida nos an\u00fancios inclui o seu endere\u00e7o IP (Internet Protocol), o seu ISP (Internet Service Provider, como o Sapo, Clix, ou outro), o browser que utilizou ao visitar o nosso website (como o Internet Explorer, Chrome ou Firefox), o tempo da sua visita e que p\u00e1ginas visitou dentro do nosso website.<\/p>\n<h2>Os Cookies e Web Beacons<\/h2>\n<p>Utilizamos cookies para armazenar informa\u00e7\u00e3o, tais como as suas prefer\u00eancias pessoais quando visita o nosso website. Isto poder\u00e1 incluir um simples pop-up, ou uma liga\u00e7\u00e3o em v\u00e1rios servi\u00e7os que providenciamos, tais como f\u00f3runs.<\/p>\n<p>Em adi\u00e7\u00e3o tamb\u00e9m utilizamos publicidade de terceiros no nosso website para suportar os custos de manuten\u00e7\u00e3o. Alguns destes publicit\u00e1rios poder\u00e3o utilizar tecnologias como os cookies e\/ou web beacons quando publicizam no nosso website, o que far\u00e1 com que esses publicit\u00e1rios (como o Google atrav\u00e9s do Google AdSense) tamb\u00e9m recebam a sua informa\u00e7\u00e3o pessoal, como o endere\u00e7o IP, o seu ISP, o seu browser, etc. Esta fun\u00e7\u00e3o \u00e9 geralmente utilizada para geotargeting (mostrar publicidade de Lisboa apenas aos leitores oriundos de Lisboa por ex.) ou apresentar publicidade direcionada a um tipo de utilizador (como mostrar publicidade de restaurante a um utilizador que visita sites de culin\u00e1ria regularmente, por ex.).<\/p>\n<p>Voc\u00ea det\u00e9m o poder de desligar os seus cookies, nas op\u00e7\u00f5es do seu browser, ou efetuando altera\u00e7\u00f5es nas ferramentas de programas Anti-Virus, como o Norton Internet Security. No entanto, isso poder\u00e1 alterar a forma como interage com o nosso website, ou outros websites. Isso poder\u00e1 afetar ou n\u00e3o permitir que fa\u00e7a logins em programas, sites ou f\u00f3runs da nossa e de outras redes.<\/p>\n<h2>Liga\u00e7\u00f5es a Sites de terceiros<\/h2>\n<p>O APAMPESP &#8211; Associa\u00e7\u00e3o dos Professores Aposentados do Magist\u00e9rio Publico do Estado de S\u00e3o Paulo possui liga\u00e7\u00f5es para outros sites, os quais, a nosso ver, podem conter informa\u00e7\u00f5es \/ ferramentas \u00fateis para os nossos visitantes. A nossa pol\u00edtica de privacidade n\u00e3o \u00e9 aplicada a sites de terceiros, pelo que, caso visite outro site a partir do nosso dever\u00e1 ler a pol\u00edtica de privacidade do mesmo.<\/p>\n<p>N\u00e3o nos responsabilizamos pela pol\u00edtica de privacidade ou conte\u00fado presente nestes mesmos sites.<\/p>\n","protected":false},"excerpt":{"rendered":"<p>Pol&iacute;tica de privacidade para APAMPESP &ndash; Associa&ccedil;&atilde;o de Professores Aposentados do Magist&eacute;rio Publico do Estado de S&atilde;o Paulo Todas as suas informa&ccedil;&otilde;es pessoais recolhidas ser&atilde;o usadas para ajudar a tornar sua visita em nosso site mais produtiva e agrad&aacute;vel. A garantia da confidencialidade dos dados pessoais dos utilizadores do nosso site &eacute; importante para a APAMPESP &ndash; Associa&ccedil;&atilde;o de Professores Aposentados do Magist&eacute;rio Publico do Estado de S&atilde;o Paulo. Todas as informa&ccedil;&otilde;es pessoais relativas a membros, assinantes, clientes ou visitantes que acessarem o site da APAMPESP &ndash; Associa&ccedil;&atilde;o de Professores [&hellip;]<\/p>\n","protected":false},"author":1,"featured_media":0,"parent":0,"menu_order":0,"comment_status":"closed","ping_status":"closed","template":"","meta":{"jetpack_post_was_ever_published":false,"footnotes":""},"class_list":["post-473","page","type-page","status-publish","hentry"],"jetpack_sharing_enabled":true,"jetpack_shortlink":"https:\/\/wp.me\/P9WoMM-7D","_links":{"self":[{"href":"https:\/\/www.apampesp.org\/aps\/wp-json\/wp\/v2\/pages\/473","targetHints":{"allow":["GET"]}}],"collection":[{"href":"https:\/\/www.apampesp.org\/aps\/wp-json\/wp\/v2\/pages"}],"about":[{"href":"https:\/\/www.apampesp.org\/aps\/wp-json\/wp\/v2\/types\/page"}],"author":[{"embeddable":true,"href":"https:\/\/www.apampesp.org\/aps\/wp-json\/wp\/v2\/users\/1"}],"replies":[{"embeddable":true,"href":"https:\/\/www.apampesp.org\/aps\/wp-json\/wp\/v2\/comments?post=473"}],"version-history":[{"count":4,"href":"https:\/\/www.apampesp.org\/aps\/wp-json\/wp\/v2\/pages\/473\/revisions"}],"predecessor-version":[{"id":638,"href":"https:\/\/www.apampesp.org\/aps\/wp-json\/wp\/v2\/pages\/473\/revisions\/638"}],"wp:attachment":[{"href":"https:\/\/www.apampesp.org\/aps\/wp-json\/wp\/v2\/media?parent=473"}],"curies":[{"name":"wp","href":"https:\/\/api.w.org\/{rel}","templated":true}]}}